{"id":25163,"date":"2024-07-19T19:17:51","date_gmt":"2024-07-19T17:17:51","guid":{"rendered":"https:\/\/neobaroque.now.2025.uwr.edu.pl\/scientific-committee\/"},"modified":"2024-12-23T01:32:06","modified_gmt":"2024-12-23T00:32:06","slug":"scientific-committee","status":"publish","type":"page","link":"https:\/\/neobaroque.now.2025.uwr.edu.pl\/es\/scientific-committee\/","title":{"rendered":"Comit\u00e9 Cient\u00edfico"},"content":{"rendered":"\n<div class=\"wp-block-ugb-container ugb-container blok_nowa_podstrona ugb-8dda971 ugb-container--v2 ugb-container--design-plain ugb-main-block\"><div class=\"ugb-inner-block\"><div class=\"ugb-block-content\"><div class=\"ugb-container__wrapper ugb-8dda971-wrapper\"><div class=\"ugb-container__side\"><div class=\"ugb-container__content-wrapper ugb-8dda971-content-wrapper\">\n<div class=\"wp-block-columns bs-news-page is-layout-flex wp-block-columns-is-layout-flex\">\n<div class=\"wp-block-column bs-kontakt-photo is-layout-flow wp-block-column-is-layout-flow\">\n<figure class=\"wp-block-image size-full is-resized\"><img loading=\"lazy\" decoding=\"async\" width=\"660\" height=\"433\" src=\"https:\/\/neobaroque.now.2025.uwr.edu.pl\/wp-content\/uploads\/sites\/579\/2024\/07\/shutterstock_135114548.jpg\" alt=\"sc\" class=\"wp-image-24698\" style=\"width:338px;height:auto\" srcset=\"https:\/\/neobaroque.now.2025.uwr.edu.pl\/wp-content\/uploads\/sites\/579\/2024\/07\/shutterstock_135114548.jpg 660w, https:\/\/neobaroque.now.2025.uwr.edu.pl\/wp-content\/uploads\/sites\/579\/2024\/07\/shutterstock_135114548-300x197.jpg 300w, https:\/\/neobaroque.now.2025.uwr.edu.pl\/wp-content\/uploads\/sites\/579\/2024\/07\/shutterstock_135114548-24x16.jpg 24w, https:\/\/neobaroque.now.2025.uwr.edu.pl\/wp-content\/uploads\/sites\/579\/2024\/07\/shutterstock_135114548-36x24.jpg 36w, https:\/\/neobaroque.now.2025.uwr.edu.pl\/wp-content\/uploads\/sites\/579\/2024\/07\/shutterstock_135114548-48x31.jpg 48w\" sizes=\"auto, (max-width: 660px) 100vw, 660px\" \/><\/figure>\n<\/div>\n\n\n\n<div class=\"wp-block-column bs-contact-right-column is-layout-flow wp-block-column-is-layout-flow\">\n<div class=\"wp-block-bonasoft-modular-breadcrumbs-block\"><div class=\"bs_add_breadcrumb_trail\"><\/div><\/div>\n\n\n\n<hr class=\"wp-block-separator has-text-color has-black-color has-css-opacity has-black-background-color has-background is-style-wide bs-border-kontakt\"\/>\n\n\n<h1 style=\"font-style:normal;font-weight:700;\" class=\"bs-naglowek-podstrony wp-block-post-title\">Comit\u00e9 Cient\u00edfico<\/h1><\/div>\n<\/div>\n\n\n\n<h2 class=\"wp-block-heading\">Prof. dr hab. Marcin Cie\u0144ski, UWr<\/h2>\n\n\n\n<h2 class=\"wp-block-heading\">Dr hab. Barbara Klonowska, prof. KUL<\/h2>\n\n\n\n<h2 class=\"wp-block-heading\">Dr hab. Dorota Ko\u0142odziejczyk, UWr<\/h2>\n\n\n\n<h2 class=\"wp-block-heading\">Dr hab. Grzegorz Maziarczyk, prof. KUL<\/h2>\n\n\n\n<h2 class=\"wp-block-heading\">Dr hab. Pawe\u0142 Stachura, prof. UAM<\/h2>\n\n\n\n<h2 class=\"wp-block-heading\">Dr hab. Justyna Ziarkowska, prof. UWr<\/h2>\n\n\n\n<div class=\"wp-block-ugb-container ugb-container bs-news-page-under ugb-f8694ce ugb-container--v2 ugb-container--design-plain ugb-main-block\"><div class=\"ugb-inner-block\"><div class=\"ugb-block-content\"><div class=\"ugb-container__wrapper ugb-f8694ce-wrapper\"><div class=\"ugb-container__side\"><div class=\"ugb-container__content-wrapper ugb-f8694ce-content-wrapper\"><\/div><\/div><\/div><\/div><\/div><\/div>\n<\/div><\/div><\/div><\/div><\/div><\/div>\n","protected":false},"excerpt":{"rendered":"<p>Prof. dr hab. Marcin Cie\u0144ski, UWr Dr hab. Barbara Klonowska, prof. KUL Dr hab. Dorota Ko\u0142odziejczyk, UWr Dr hab. Grzegorz Maziarczyk, prof. KUL Dr hab. Pawe\u0142 Stachura, prof. UAM Dr hab. Justyna Ziarkowska, prof. UWr<\/p>\n","protected":false},"author":7575,"featured_media":0,"parent":0,"menu_order":0,"comment_status":"closed","ping_status":"closed","template":"","meta":{"_acf_changed":false,"inline_featured_image":false,"site-sidebar-layout":"default","site-content-layout":"","ast-site-content-layout":"default","site-content-style":"default","site-sidebar-style":"default","ast-global-header-display":"","ast-banner-title-visibility":"","ast-main-header-display":"","ast-hfb-above-header-display":"","ast-hfb-below-header-display":"","ast-hfb-mobile-header-display":"","site-post-title":"","ast-breadcrumbs-content":"","ast-featured-img":"","footer-sml-layout":"","ast-disable-related-posts":"","theme-transparent-header-meta":"","adv-header-id-meta":"","stick-header-meta":"","header-above-stick-meta":"","header-main-stick-meta":"","header-below-stick-meta":"","astra-migrate-meta-layouts":"set","ast-page-background-enabled":"default","ast-page-background-meta":{"desktop":{"background-color":"","background-image":"","background-repeat":"repeat","background-position":"center center","background-size":"auto","background-attachment":"scroll","background-type":"","background-media":"","overlay-type":"","overlay-color":"","overlay-opacity":"","overlay-gradient":""},"tablet":{"background-color":"","background-image":"","background-repeat":"repeat","background-position":"center center","background-size":"auto","background-attachment":"scroll","background-type":"","background-media":"","overlay-type":"","overlay-color":"","overlay-opacity":"","overlay-gradient":""},"mobile":{"background-color":"","background-image":"","background-repeat":"repeat","background-position":"center center","background-size":"auto","background-attachment":"scroll","background-type":"","background-media":"","overlay-type":"","overlay-color":"","overlay-opacity":"","overlay-gradient":""}},"ast-content-background-meta":{"desktop":{"background-color":"var(--ast-global-color-5)","background-image":"","background-repeat":"repeat","background-position":"center center","background-size":"auto","background-attachment":"scroll","background-type":"","background-media":"","overlay-type":"","overlay-color":"","overlay-opacity":"","overlay-gradient":""},"tablet":{"background-color":"var(--ast-global-color-5)","background-image":"","background-repeat":"repeat","background-position":"center center","background-size":"auto","background-attachment":"scroll","background-type":"","background-media":"","overlay-type":"","overlay-color":"","overlay-opacity":"","overlay-gradient":""},"mobile":{"background-color":"var(--ast-global-color-5)","background-image":"","background-repeat":"repeat","background-position":"center center","background-size":"auto","background-attachment":"scroll","background-type":"","background-media":"","overlay-type":"","overlay-color":"","overlay-opacity":"","overlay-gradient":""}},"footnotes":""},"categories":[],"tags":[],"class_list":["post-25163","page","type-page","status-publish","hentry"],"featured_image_urls_v2":{"full":"","thumbnail":"","medium":"","medium_large":"","large":"","1536x1536":"","2048x2048":"","menu-24x24":"","menu-36x36":"","menu-48x48":""},"post_excerpt_stackable_v2":"<p>Comit\u00e9 Cient\u00edfico Prof. dr hab. Marcin Cie\u0144ski, UWr Dr hab. Barbara Klonowska, prof. KUL Dr hab. Dorota Ko\u0142odziejczyk, UWr Dr hab. Grzegorz Maziarczyk, prof. KUL Dr hab. Pawe\u0142 Stachura, prof. UAM Dr hab. Justyna Ziarkowska, prof. UWr<\/p>\n","category_list_v2":"Sin categor\u00eda","author_info_v2":{"name":"265832@uwr.edu.pl","url":"https:\/\/neobaroque.now.2025.uwr.edu.pl\/es\/author\/265832uwr-edu-pl\/"},"comments_num_v2":"0 comentarios","acf":[],"yoast_head":"<!-- This site is optimized with the Yoast SEO plugin v27.1.1 - https:\/\/yoast.com\/product\/yoast-seo-wordpress\/ -->\n<title>Comit\u00e9 Cient\u00edfico - Pracownia Bada\u0144 nad Neobarokiem<\/title>\n<meta name=\"robots\" content=\"index, follow, max-snippet:-1, max-image-preview:large, max-video-preview:-1\" \/>\n<link rel=\"canonical\" href=\"https:\/\/neobaroque.now.2025.uwr.edu.pl\/es\/scientific-committee\/\" \/>\n<meta property=\"og:locale\" content=\"es_ES\" \/>\n<meta property=\"og:type\" content=\"article\" \/>\n<meta property=\"og:title\" content=\"Comit\u00e9 Cient\u00edfico - Pracownia Bada\u0144 nad Neobarokiem\" \/>\n<meta property=\"og:description\" content=\"Prof. dr hab. Marcin Cie\u0144ski, UWr Dr hab. Barbara Klonowska, prof. KUL Dr hab. Dorota Ko\u0142odziejczyk, UWr Dr hab. Grzegorz Maziarczyk, prof. KUL Dr hab. Pawe\u0142 Stachura, prof. UAM Dr hab. Justyna Ziarkowska, prof. UWr\" \/>\n<meta property=\"og:url\" content=\"https:\/\/neobaroque.now.2025.uwr.edu.pl\/es\/scientific-committee\/\" \/>\n<meta property=\"og:site_name\" content=\"Pracownia Bada\u0144 nad Neobarokiem\" \/>\n<meta property=\"article:modified_time\" content=\"2024-12-23T00:32:06+00:00\" \/>\n<meta property=\"og:image\" content=\"https:\/\/neobaroque.now.2025.uwr.edu.pl\/wp-content\/uploads\/sites\/579\/2024\/07\/shutterstock_135114548.jpg\" \/>\n\t<meta property=\"og:image:width\" content=\"660\" \/>\n\t<meta property=\"og:image:height\" content=\"433\" \/>\n\t<meta property=\"og:image:type\" content=\"image\/jpeg\" \/>\n<meta name=\"twitter:card\" content=\"summary_large_image\" \/>\n<meta name=\"twitter:label1\" content=\"Tiempo de lectura\" \/>\n\t<meta name=\"twitter:data1\" content=\"1 minuto\" \/>\n<script type=\"application\/ld+json\" class=\"yoast-schema-graph\">{\"@context\":\"https:\/\/schema.org\",\"@graph\":[{\"@type\":\"WebPage\",\"@id\":\"https:\/\/neobaroque.now.2025.uwr.edu.pl\/es\/scientific-committee\/\",\"url\":\"https:\/\/neobaroque.now.2025.uwr.edu.pl\/es\/scientific-committee\/\",\"name\":\"Comit\u00e9 Cient\u00edfico - Pracownia Bada\u0144 nad Neobarokiem\",\"isPartOf\":{\"@id\":\"https:\/\/neobaroque.now.2025.uwr.edu.pl\/#website\"},\"primaryImageOfPage\":{\"@id\":\"https:\/\/neobaroque.now.2025.uwr.edu.pl\/es\/scientific-committee\/#primaryimage\"},\"image\":{\"@id\":\"https:\/\/neobaroque.now.2025.uwr.edu.pl\/es\/scientific-committee\/#primaryimage\"},\"thumbnailUrl\":\"https:\/\/neobaroque.now.2025.uwr.edu.pl\/wp-content\/uploads\/sites\/579\/2024\/07\/shutterstock_135114548.jpg\",\"datePublished\":\"2024-07-19T17:17:51+00:00\",\"dateModified\":\"2024-12-23T00:32:06+00:00\",\"breadcrumb\":{\"@id\":\"https:\/\/neobaroque.now.2025.uwr.edu.pl\/es\/scientific-committee\/#breadcrumb\"},\"inLanguage\":\"es\",\"potentialAction\":[{\"@type\":\"ReadAction\",\"target\":[\"https:\/\/neobaroque.now.2025.uwr.edu.pl\/es\/scientific-committee\/\"]}]},{\"@type\":\"ImageObject\",\"inLanguage\":\"es\",\"@id\":\"https:\/\/neobaroque.now.2025.uwr.edu.pl\/es\/scientific-committee\/#primaryimage\",\"url\":\"https:\/\/neobaroque.now.2025.uwr.edu.pl\/wp-content\/uploads\/sites\/579\/2024\/07\/shutterstock_135114548.jpg\",\"contentUrl\":\"https:\/\/neobaroque.now.2025.uwr.edu.pl\/wp-content\/uploads\/sites\/579\/2024\/07\/shutterstock_135114548.jpg\"},{\"@type\":\"BreadcrumbList\",\"@id\":\"https:\/\/neobaroque.now.2025.uwr.edu.pl\/es\/scientific-committee\/#breadcrumb\",\"itemListElement\":[{\"@type\":\"ListItem\",\"position\":1,\"name\":\"Strona g\u0142\u00f3wna\",\"item\":\"https:\/\/neobaroque.now.2025.uwr.edu.pl\/es\/\"},{\"@type\":\"ListItem\",\"position\":2,\"name\":\"Comit\u00e9 Cient\u00edfico\"}]},{\"@type\":\"WebSite\",\"@id\":\"https:\/\/neobaroque.now.2025.uwr.edu.pl\/#website\",\"url\":\"https:\/\/neobaroque.now.2025.uwr.edu.pl\/\",\"name\":\"Pracownia Bada\u0144 nad Neobarokiem\",\"description\":\"Kolejna witryna sieci \u201eUWR Witryny\u201d\",\"publisher\":{\"@id\":\"https:\/\/neobaroque.now.2025.uwr.edu.pl\/#organization\"},\"potentialAction\":[{\"@type\":\"SearchAction\",\"target\":{\"@type\":\"EntryPoint\",\"urlTemplate\":\"https:\/\/neobaroque.now.2025.uwr.edu.pl\/?s={search_term_string}\"},\"query-input\":{\"@type\":\"PropertyValueSpecification\",\"valueRequired\":true,\"valueName\":\"search_term_string\"}}],\"inLanguage\":\"es\"},{\"@type\":\"Organization\",\"@id\":\"https:\/\/neobaroque.now.2025.uwr.edu.pl\/#organization\",\"name\":\"Pracownia Bada\u0144 nad Neobarokiem\",\"url\":\"https:\/\/neobaroque.now.2025.uwr.edu.pl\/\",\"logo\":{\"@type\":\"ImageObject\",\"inLanguage\":\"es\",\"@id\":\"https:\/\/neobaroque.now.2025.uwr.edu.pl\/#\/schema\/logo\/image\/\",\"url\":\"https:\/\/neobaroque.now.2025.uwr.edu.pl\/wp-content\/uploads\/sites\/579\/2025\/10\/UWr-logotyp-2025.png\",\"contentUrl\":\"https:\/\/neobaroque.now.2025.uwr.edu.pl\/wp-content\/uploads\/sites\/579\/2025\/10\/UWr-logotyp-2025.png\",\"width\":764,\"height\":269,\"caption\":\"Pracownia Bada\u0144 nad Neobarokiem\"},\"image\":{\"@id\":\"https:\/\/neobaroque.now.2025.uwr.edu.pl\/#\/schema\/logo\/image\/\"}}]}<\/script>\n<!-- \/ Yoast SEO plugin. -->","yoast_head_json":{"title":"Comit\u00e9 Cient\u00edfico - Pracownia Bada\u0144 nad Neobarokiem","robots":{"index":"index","follow":"follow","max-snippet":"max-snippet:-1","max-image-preview":"max-image-preview:large","max-video-preview":"max-video-preview:-1"},"canonical":"https:\/\/neobaroque.now.2025.uwr.edu.pl\/es\/scientific-committee\/","og_locale":"es_ES","og_type":"article","og_title":"Comit\u00e9 Cient\u00edfico - Pracownia Bada\u0144 nad Neobarokiem","og_description":"Prof. dr hab. Marcin Cie\u0144ski, UWr Dr hab. Barbara Klonowska, prof. KUL Dr hab. Dorota Ko\u0142odziejczyk, UWr Dr hab. Grzegorz Maziarczyk, prof. KUL Dr hab. Pawe\u0142 Stachura, prof. UAM Dr hab. Justyna Ziarkowska, prof. UWr","og_url":"https:\/\/neobaroque.now.2025.uwr.edu.pl\/es\/scientific-committee\/","og_site_name":"Pracownia Bada\u0144 nad Neobarokiem","article_modified_time":"2024-12-23T00:32:06+00:00","og_image":[{"width":660,"height":433,"url":"https:\/\/neobaroque.now.2025.uwr.edu.pl\/wp-content\/uploads\/sites\/579\/2024\/07\/shutterstock_135114548.jpg","type":"image\/jpeg"}],"twitter_card":"summary_large_image","twitter_misc":{"Tiempo de lectura":"1 minuto"},"schema":{"@context":"https:\/\/schema.org","@graph":[{"@type":"WebPage","@id":"https:\/\/neobaroque.now.2025.uwr.edu.pl\/es\/scientific-committee\/","url":"https:\/\/neobaroque.now.2025.uwr.edu.pl\/es\/scientific-committee\/","name":"Comit\u00e9 Cient\u00edfico - Pracownia Bada\u0144 nad Neobarokiem","isPartOf":{"@id":"https:\/\/neobaroque.now.2025.uwr.edu.pl\/#website"},"primaryImageOfPage":{"@id":"https:\/\/neobaroque.now.2025.uwr.edu.pl\/es\/scientific-committee\/#primaryimage"},"image":{"@id":"https:\/\/neobaroque.now.2025.uwr.edu.pl\/es\/scientific-committee\/#primaryimage"},"thumbnailUrl":"https:\/\/neobaroque.now.2025.uwr.edu.pl\/wp-content\/uploads\/sites\/579\/2024\/07\/shutterstock_135114548.jpg","datePublished":"2024-07-19T17:17:51+00:00","dateModified":"2024-12-23T00:32:06+00:00","breadcrumb":{"@id":"https:\/\/neobaroque.now.2025.uwr.edu.pl\/es\/scientific-committee\/#breadcrumb"},"inLanguage":"es","potentialAction":[{"@type":"ReadAction","target":["https:\/\/neobaroque.now.2025.uwr.edu.pl\/es\/scientific-committee\/"]}]},{"@type":"ImageObject","inLanguage":"es","@id":"https:\/\/neobaroque.now.2025.uwr.edu.pl\/es\/scientific-committee\/#primaryimage","url":"https:\/\/neobaroque.now.2025.uwr.edu.pl\/wp-content\/uploads\/sites\/579\/2024\/07\/shutterstock_135114548.jpg","contentUrl":"https:\/\/neobaroque.now.2025.uwr.edu.pl\/wp-content\/uploads\/sites\/579\/2024\/07\/shutterstock_135114548.jpg"},{"@type":"BreadcrumbList","@id":"https:\/\/neobaroque.now.2025.uwr.edu.pl\/es\/scientific-committee\/#breadcrumb","itemListElement":[{"@type":"ListItem","position":1,"name":"Strona g\u0142\u00f3wna","item":"https:\/\/neobaroque.now.2025.uwr.edu.pl\/es\/"},{"@type":"ListItem","position":2,"name":"Comit\u00e9 Cient\u00edfico"}]},{"@type":"WebSite","@id":"https:\/\/neobaroque.now.2025.uwr.edu.pl\/#website","url":"https:\/\/neobaroque.now.2025.uwr.edu.pl\/","name":"Pracownia Bada\u0144 nad Neobarokiem","description":"Kolejna witryna sieci \u201eUWR Witryny\u201d","publisher":{"@id":"https:\/\/neobaroque.now.2025.uwr.edu.pl\/#organization"},"potentialAction":[{"@type":"SearchAction","target":{"@type":"EntryPoint","urlTemplate":"https:\/\/neobaroque.now.2025.uwr.edu.pl\/?s={search_term_string}"},"query-input":{"@type":"PropertyValueSpecification","valueRequired":true,"valueName":"search_term_string"}}],"inLanguage":"es"},{"@type":"Organization","@id":"https:\/\/neobaroque.now.2025.uwr.edu.pl\/#organization","name":"Pracownia Bada\u0144 nad Neobarokiem","url":"https:\/\/neobaroque.now.2025.uwr.edu.pl\/","logo":{"@type":"ImageObject","inLanguage":"es","@id":"https:\/\/neobaroque.now.2025.uwr.edu.pl\/#\/schema\/logo\/image\/","url":"https:\/\/neobaroque.now.2025.uwr.edu.pl\/wp-content\/uploads\/sites\/579\/2025\/10\/UWr-logotyp-2025.png","contentUrl":"https:\/\/neobaroque.now.2025.uwr.edu.pl\/wp-content\/uploads\/sites\/579\/2025\/10\/UWr-logotyp-2025.png","width":764,"height":269,"caption":"Pracownia Bada\u0144 nad Neobarokiem"},"image":{"@id":"https:\/\/neobaroque.now.2025.uwr.edu.pl\/#\/schema\/logo\/image\/"}}]}},"publishpress_future_action":{"enabled":false,"date":"2026-05-22 00:31:00","action":"change-status","newStatus":"draft","terms":[],"taxonomy":"category","extraData":[]},"publishpress_future_workflow_manual_trigger":{"enabledWorkflows":[]},"_links":{"self":[{"href":"https:\/\/neobaroque.now.2025.uwr.edu.pl\/es\/wp-json\/wp\/v2\/pages\/25163\/"}],"collection":[{"href":"https:\/\/neobaroque.now.2025.uwr.edu.pl\/es\/wp-json\/wp\/v2\/pages\/"}],"about":[{"href":"https:\/\/neobaroque.now.2025.uwr.edu.pl\/es\/wp-json\/wp\/v2\/types\/page\/"}],"author":[{"embeddable":true,"href":"https:\/\/neobaroque.now.2025.uwr.edu.pl\/es\/wp-json\/wp\/v2\/users\/7575\/"}],"replies":[{"embeddable":true,"href":"https:\/\/neobaroque.now.2025.uwr.edu.pl\/es\/wp-json\/wp\/v2\/comments\/?post=25163"}],"version-history":[{"count":4,"href":"https:\/\/neobaroque.now.2025.uwr.edu.pl\/es\/wp-json\/wp\/v2\/pages\/25163\/revisions\/"}],"predecessor-version":[{"id":25838,"href":"https:\/\/neobaroque.now.2025.uwr.edu.pl\/es\/wp-json\/wp\/v2\/pages\/25163\/revisions\/25838\/"}],"wp:attachment":[{"href":"https:\/\/neobaroque.now.2025.uwr.edu.pl\/es\/wp-json\/wp\/v2\/media\/?parent=25163"}],"wp:term":[{"taxonomy":"category","embeddable":true,"href":"https:\/\/neobaroque.now.2025.uwr.edu.pl\/es\/wp-json\/wp\/v2\/categories\/?post=25163"},{"taxonomy":"post_tag","embeddable":true,"href":"https:\/\/neobaroque.now.2025.uwr.edu.pl\/es\/wp-json\/wp\/v2\/tags\/?post=25163"}],"curies":[{"name":"wp","href":"https:\/\/api.w.org\/{rel}","templated":true}]}}