{"id":24329,"date":"2024-07-19T12:03:16","date_gmt":"2024-07-19T10:03:16","guid":{"rendered":"https:\/\/neobaroque.now.2025.uwr.edu.pl\/about-the-conference-2\/"},"modified":"2024-07-20T23:01:09","modified_gmt":"2024-07-20T21:01:09","slug":"about-the-conference-2","status":"publish","type":"page","link":"https:\/\/neobaroque.now.2025.uwr.edu.pl\/es\/about-the-conference-2\/","title":{"rendered":"Idea"},"content":{"rendered":"\n<div class=\"wp-block-ugb-container ugb-container blok_nowa_podstrona ugb-8dda971 ugb-container--v2 ugb-container--design-plain ugb-main-block\"><div class=\"ugb-inner-block\"><div class=\"ugb-block-content\"><div class=\"ugb-container__wrapper ugb-8dda971-wrapper\"><div class=\"ugb-container__side\"><div class=\"ugb-container__content-wrapper ugb-8dda971-content-wrapper\">\n<div class=\"wp-block-columns bs-news-page is-layout-flex wp-block-columns-is-layout-flex\">\n<div class=\"wp-block-column bs-kontakt-photo is-layout-flow wp-block-column-is-layout-flow\">\n<figure class=\"wp-block-image size-full\"><img loading=\"lazy\" decoding=\"async\" width=\"1080\" height=\"1080\" src=\"https:\/\/neobaroque.now.2025.uwr.edu.pl\/wp-content\/uploads\/sites\/579\/2024\/07\/2a-conference.png\" alt=\"conference_logo\" class=\"wp-image-25598\" srcset=\"https:\/\/neobaroque.now.2025.uwr.edu.pl\/wp-content\/uploads\/sites\/579\/2024\/07\/2a-conference.png 1080w, https:\/\/neobaroque.now.2025.uwr.edu.pl\/wp-content\/uploads\/sites\/579\/2024\/07\/2a-conference-300x300.png 300w, https:\/\/neobaroque.now.2025.uwr.edu.pl\/wp-content\/uploads\/sites\/579\/2024\/07\/2a-conference-1024x1024.png 1024w, https:\/\/neobaroque.now.2025.uwr.edu.pl\/wp-content\/uploads\/sites\/579\/2024\/07\/2a-conference-150x150.png 150w, https:\/\/neobaroque.now.2025.uwr.edu.pl\/wp-content\/uploads\/sites\/579\/2024\/07\/2a-conference-768x768.png 768w, https:\/\/neobaroque.now.2025.uwr.edu.pl\/wp-content\/uploads\/sites\/579\/2024\/07\/2a-conference-24x24.png 24w, https:\/\/neobaroque.now.2025.uwr.edu.pl\/wp-content\/uploads\/sites\/579\/2024\/07\/2a-conference-36x36.png 36w, https:\/\/neobaroque.now.2025.uwr.edu.pl\/wp-content\/uploads\/sites\/579\/2024\/07\/2a-conference-48x48.png 48w\" sizes=\"auto, (max-width: 1080px) 100vw, 1080px\" \/><\/figure>\n<\/div>\n\n\n\n<div class=\"wp-block-column bs-contact-right-column is-layout-flow wp-block-column-is-layout-flow\">\n<div class=\"wp-block-bonasoft-modular-breadcrumbs-block\"><div class=\"bs_add_breadcrumb_trail\"><\/div><\/div>\n\n\n\n<hr class=\"wp-block-separator has-text-color has-black-color has-css-opacity has-black-background-color has-background is-style-wide bs-border-kontakt\"\/>\n\n\n<h1 style=\"font-style:normal;font-weight:700;\" class=\"has-text-align-center bs-naglowek-podstrony wp-block-post-title\">Idea<\/h1>\n\n\n<h5 class=\"wp-block-heading has-text-align-center\"><strong>Congreso internacional<\/strong><\/h5>\n\n\n\n<h2 class=\"wp-block-heading has-text-align-center\"><strong><span style=\"color: #543838;\" class=\"stk-highlight\">Neobarroco y \/ en el mundo contempor\u00e1neo<\/span><\/strong><\/h2>\n\n\n\n<h4 class=\"wp-block-heading has-text-align-center\">Universidad de Wroclaw, Polonia, <\/h4>\n\n\n\n<h4 class=\"wp-block-heading has-text-align-center\">8-9 de mayo del 2025<\/h4>\n<\/div>\n<\/div>\n\n\n\n<div class=\"wp-block-ugb-container ugb-container bs-news-page-under ugb-f8694ce ugb-container--v2 ugb-container--design-plain ugb-main-block\"><div class=\"ugb-inner-block\"><div class=\"ugb-block-content\"><div class=\"ugb-container__wrapper ugb-f8694ce-wrapper\"><div class=\"ugb-container__side\"><div class=\"ugb-container__content-wrapper ugb-f8694ce-content-wrapper\">\n<p>Supuestamente asociado con el extra\u00f1o atractivo de las perlas que ten\u00edan formas irregulares, el t\u00e9rmino barroco sigue siendo esquivo y engendra sentimientos encontrados en los discursos de la cultura contempor\u00e1nea. El concepto del neobarroco no solo es heredero de la sem\u00e1ntica polic\u00e9ntrica del barroco, sino que tambi\u00e9n ocasiona problemas adicionales debido a la multiplicidad de sentidos atribuidos al prefijo \u201cneo\u201d. Dichas circunstancias se manifiestan en una preocupaci\u00f3n por las diferentes relaciones entre la historia, est\u00e9tica y pol\u00edtica expresadas en una serie de conceptualizaciones sobre el retorno del barroco en la Modernidad (europea, occidental, global), las formas m\u00faltiples del barroco en el Nuevo Mundo, as\u00ed como los neobarrocos \u2013concebidos de varias maneras\u2014, que ahora se redescubren o surgen como modos de interpretar un futuro posible de nuestro planeta.<\/p>\n\n\n\n<p>Preguntando por la utilidad del neobarroco hoy, queremos suscitar un debate acerca de replanteamientos del concepto del neobarroco posibles en la actualidad y, tambi\u00e9n, sacar a la luz sus cruces con las perspectivas te\u00f3ricas que tanto han fascinado a los pensadores contempor\u00e1neos, como, por ejemplo: el Antropoceno, el giro afectivo, <em>non-human turn <\/em>o <em>forensic turn<\/em>. Adaptamos una definici\u00f3n muy amplia del neobarroco, pens\u00e1ndolo como una sensibilidad, una est\u00e9tica pol\u00edtica, una episteme, un paradigma de investigaci\u00f3n y, asimismo, reconocemos su naturaleza transhist\u00f3rica y transgeogr\u00e1fica.<\/p>\n\n\n\n<p>Consideramos que es muy inspirador que el neobarroco, entendido tanto en t\u00e9rminos pol\u00edtico-est\u00e9ticos como de una perspectiva investigadora, opere dentro del marco metodol\u00f3gico multidimensional recurriendo a una variedad de herramientas metodol\u00f3gicas interdisciplinarias, arraigadas en diferentes campos de investigaci\u00f3n como los de: historia, historia del arte, estudios de cine y medios de comunicaci\u00f3n, teor\u00eda e historia de arquitectura, historiograf\u00eda, historia de la ciencia y musicolog\u00eda. El neobarroco, concebido de varias maneras, plantea asimismo la pregunta que hasta qu\u00e9 punto se ven reflejadas en \u00e9l las estrategias menor y mayor conceptualizadas por Deleuze y Guattari. La estrategia neobarroca de hacerse menor se manifiesta en unas po\u00e9ticas h\u00edbridas, polif\u00f3nicas, pol\u00edticamente comprometidas, transmodales y transdisciplinarias que ceden la voz a la raz\u00f3n barroca [<em>raison baroque<\/em>] del Otro, concepto introducido por Christine Buci-Glucksman. Las expresiones menores del neobarroco a menudo est\u00e1n muy en sinton\u00eda con las voces y los silencios de las mujeres, ni\u00f1os, comunidades LGBTQ+, cualquiera que sea vulnerable a la discriminaci\u00f3n por raza, g\u00e9nero o clase, as\u00ed como con animales y cosas, mientras que la estrategia mayor tiende a conservar el estatus quo y frecuentemente se alinea con el espect\u00e1culo legitimador del poder.&nbsp;<\/p>\n\n\n\n<p>Creemos que la historia del neobarroco, constituida tanto por una variedad de planteamientos te\u00f3ricos, como por diferentes manifestaciones est\u00e9ticas y la pregunta por su relevancia y actualidad proporcionan un punto de partida excelente para el estudio de todo un abanico de temas relacionados con el pasado y el futuro de la realidad global, cuyas ra\u00edces se encuentran en el barroco hist\u00f3rico.<\/p>\n<\/div><\/div><\/div><\/div><\/div><\/div>\n<\/div><\/div><\/div><\/div><\/div><\/div>\n","protected":false},"excerpt":{"rendered":"<p>Congreso internacional Neobarroco y \/ en el mundo contempor\u00e1neo Universidad de Wroclaw, Polonia, 8-9 de mayo del 2025 Supuestamente asociado con el extra\u00f1o atractivo de las perlas que ten\u00edan formas irregulares, el t\u00e9rmino barroco sigue siendo esquivo y engendra sentimientos encontrados en los discursos de la cultura contempor\u00e1nea. El concepto del neobarroco no solo es [&hellip;]<\/p>\n","protected":false},"author":37,"featured_media":0,"parent":0,"menu_order":0,"comment_status":"closed","ping_status":"closed","template":"","meta":{"_acf_changed":false,"inline_featured_image":false,"site-sidebar-layout":"default","site-content-layout":"","ast-site-content-layout":"default","site-content-style":"default","site-sidebar-style":"default","ast-global-header-display":"","ast-banner-title-visibility":"","ast-main-header-display":"","ast-hfb-above-header-display":"","ast-hfb-below-header-display":"","ast-hfb-mobile-header-display":"","site-post-title":"","ast-breadcrumbs-content":"","ast-featured-img":"","footer-sml-layout":"","ast-disable-related-posts":"","theme-transparent-header-meta":"","adv-header-id-meta":"","stick-header-meta":"","header-above-stick-meta":"","header-main-stick-meta":"","header-below-stick-meta":"","astra-migrate-meta-layouts":"default","ast-page-background-enabled":"default","ast-page-background-meta":{"desktop":{"background-color":"","background-image":"","background-repeat":"repeat","background-position":"center center","background-size":"auto","background-attachment":"scroll","background-type":"","background-media":"","overlay-type":"","overlay-color":"","overlay-opacity":"","overlay-gradient":""},"tablet":{"background-color":"","background-image":"","background-repeat":"repeat","background-position":"center center","background-size":"auto","background-attachment":"scroll","background-type":"","background-media":"","overlay-type":"","overlay-color":"","overlay-opacity":"","overlay-gradient":""},"mobile":{"background-color":"","background-image":"","background-repeat":"repeat","background-position":"center center","background-size":"auto","background-attachment":"scroll","background-type":"","background-media":"","overlay-type":"","overlay-color":"","overlay-opacity":"","overlay-gradient":""}},"ast-content-background-meta":{"desktop":{"background-color":"var(--ast-global-color-5)","background-image":"","background-repeat":"repeat","background-position":"center center","background-size":"auto","background-attachment":"scroll","background-type":"","background-media":"","overlay-type":"","overlay-color":"","overlay-opacity":"","overlay-gradient":""},"tablet":{"background-color":"var(--ast-global-color-5)","background-image":"","background-repeat":"repeat","background-position":"center center","background-size":"auto","background-attachment":"scroll","background-type":"","background-media":"","overlay-type":"","overlay-color":"","overlay-opacity":"","overlay-gradient":""},"mobile":{"background-color":"var(--ast-global-color-5)","background-image":"","background-repeat":"repeat","background-position":"center center","background-size":"auto","background-attachment":"scroll","background-type":"","background-media":"","overlay-type":"","overlay-color":"","overlay-opacity":"","overlay-gradient":""}},"footnotes":""},"categories":[],"tags":[],"class_list":["post-24329","page","type-page","status-publish","hentry"],"featured_image_urls_v2":{"full":"","thumbnail":"","medium":"","medium_large":"","large":"","1536x1536":"","2048x2048":"","menu-24x24":"","menu-36x36":"","menu-48x48":""},"post_excerpt_stackable_v2":"<p>Idea Congreso internacional Neobarroco y \/ en el mundo contempor\u00e1neo Universidad de Wroclaw, Polonia, 8-9 de mayo del 2025 Supuestamente asociado con el extra\u00f1o atractivo de las perlas que ten\u00edan formas irregulares, el t\u00e9rmino barroco sigue siendo esquivo y engendra sentimientos encontrados en los discursos de la cultura contempor\u00e1nea. El concepto del neobarroco no solo es heredero de la sem\u00e1ntica polic\u00e9ntrica del barroco, sino que tambi\u00e9n ocasiona problemas adicionales debido a la multiplicidad de sentidos atribuidos al prefijo \u201cneo\u201d. Dichas circunstancias se manifiestan en una preocupaci\u00f3n por las diferentes relaciones entre la historia, est\u00e9tica y pol\u00edtica expresadas en una serie&hellip;<\/p>\n","category_list_v2":"Sin categor\u00eda","author_info_v2":{"name":"Izabela Jaraszek","url":"https:\/\/neobaroque.now.2025.uwr.edu.pl\/es\/author\/ijaraszek\/"},"comments_num_v2":"0 comentarios","acf":[],"yoast_head":"<!-- This site is optimized with the Yoast SEO plugin v27.1.1 - https:\/\/yoast.com\/product\/yoast-seo-wordpress\/ -->\n<title>Idea - Pracownia Bada\u0144 nad Neobarokiem<\/title>\n<meta name=\"robots\" content=\"index, follow, max-snippet:-1, max-image-preview:large, max-video-preview:-1\" \/>\n<link rel=\"canonical\" href=\"https:\/\/neobaroque.now.2025.uwr.edu.pl\/es\/about-the-conference-2\/\" \/>\n<meta property=\"og:locale\" content=\"es_ES\" \/>\n<meta property=\"og:type\" content=\"article\" \/>\n<meta property=\"og:title\" content=\"Idea - Pracownia Bada\u0144 nad Neobarokiem\" \/>\n<meta property=\"og:description\" content=\"Congreso internacional Neobarroco y \/ en el mundo contempor\u00e1neo Universidad de Wroclaw, Polonia, 8-9 de mayo del 2025 Supuestamente asociado con el extra\u00f1o atractivo de las perlas que ten\u00edan formas irregulares, el t\u00e9rmino barroco sigue siendo esquivo y engendra sentimientos encontrados en los discursos de la cultura contempor\u00e1nea. El concepto del neobarroco no solo es [&hellip;]\" \/>\n<meta property=\"og:url\" content=\"https:\/\/neobaroque.now.2025.uwr.edu.pl\/es\/about-the-conference-2\/\" \/>\n<meta property=\"og:site_name\" content=\"Pracownia Bada\u0144 nad Neobarokiem\" \/>\n<meta property=\"article:modified_time\" content=\"2024-07-20T21:01:09+00:00\" \/>\n<meta property=\"og:image\" content=\"https:\/\/neobaroque.now.2025.uwr.edu.pl\/wp-content\/uploads\/sites\/579\/2024\/07\/2a-conference.png\" \/>\n<meta name=\"twitter:card\" content=\"summary_large_image\" \/>\n<meta name=\"twitter:label1\" content=\"Tiempo de lectura\" \/>\n\t<meta name=\"twitter:data1\" content=\"3 minutos\" \/>\n<script type=\"application\/ld+json\" class=\"yoast-schema-graph\">{\"@context\":\"https:\/\/schema.org\",\"@graph\":[{\"@type\":\"WebPage\",\"@id\":\"https:\/\/neobaroque.now.2025.uwr.edu.pl\/es\/about-the-conference-2\/\",\"url\":\"https:\/\/neobaroque.now.2025.uwr.edu.pl\/es\/about-the-conference-2\/\",\"name\":\"Idea - Pracownia Bada\u0144 nad Neobarokiem\",\"isPartOf\":{\"@id\":\"https:\/\/neobaroque.now.2025.uwr.edu.pl\/#website\"},\"primaryImageOfPage\":{\"@id\":\"https:\/\/neobaroque.now.2025.uwr.edu.pl\/es\/about-the-conference-2\/#primaryimage\"},\"image\":{\"@id\":\"https:\/\/neobaroque.now.2025.uwr.edu.pl\/es\/about-the-conference-2\/#primaryimage\"},\"thumbnailUrl\":\"https:\/\/neobaroque.now.2025.uwr.edu.pl\/wp-content\/uploads\/sites\/579\/2024\/07\/2a-conference.png\",\"datePublished\":\"2024-07-19T10:03:16+00:00\",\"dateModified\":\"2024-07-20T21:01:09+00:00\",\"breadcrumb\":{\"@id\":\"https:\/\/neobaroque.now.2025.uwr.edu.pl\/es\/about-the-conference-2\/#breadcrumb\"},\"inLanguage\":\"es\",\"potentialAction\":[{\"@type\":\"ReadAction\",\"target\":[\"https:\/\/neobaroque.now.2025.uwr.edu.pl\/es\/about-the-conference-2\/\"]}]},{\"@type\":\"ImageObject\",\"inLanguage\":\"es\",\"@id\":\"https:\/\/neobaroque.now.2025.uwr.edu.pl\/es\/about-the-conference-2\/#primaryimage\",\"url\":\"https:\/\/neobaroque.now.2025.uwr.edu.pl\/wp-content\/uploads\/sites\/579\/2024\/07\/2a-conference.png\",\"contentUrl\":\"https:\/\/neobaroque.now.2025.uwr.edu.pl\/wp-content\/uploads\/sites\/579\/2024\/07\/2a-conference.png\"},{\"@type\":\"BreadcrumbList\",\"@id\":\"https:\/\/neobaroque.now.2025.uwr.edu.pl\/es\/about-the-conference-2\/#breadcrumb\",\"itemListElement\":[{\"@type\":\"ListItem\",\"position\":1,\"name\":\"Strona g\u0142\u00f3wna\",\"item\":\"https:\/\/neobaroque.now.2025.uwr.edu.pl\/es\/\"},{\"@type\":\"ListItem\",\"position\":2,\"name\":\"Idea\"}]},{\"@type\":\"WebSite\",\"@id\":\"https:\/\/neobaroque.now.2025.uwr.edu.pl\/#website\",\"url\":\"https:\/\/neobaroque.now.2025.uwr.edu.pl\/\",\"name\":\"Pracownia Bada\u0144 nad Neobarokiem\",\"description\":\"Kolejna witryna sieci \u201eUWR Witryny\u201d\",\"publisher\":{\"@id\":\"https:\/\/neobaroque.now.2025.uwr.edu.pl\/#organization\"},\"potentialAction\":[{\"@type\":\"SearchAction\",\"target\":{\"@type\":\"EntryPoint\",\"urlTemplate\":\"https:\/\/neobaroque.now.2025.uwr.edu.pl\/?s={search_term_string}\"},\"query-input\":{\"@type\":\"PropertyValueSpecification\",\"valueRequired\":true,\"valueName\":\"search_term_string\"}}],\"inLanguage\":\"es\"},{\"@type\":\"Organization\",\"@id\":\"https:\/\/neobaroque.now.2025.uwr.edu.pl\/#organization\",\"name\":\"Pracownia Bada\u0144 nad Neobarokiem\",\"url\":\"https:\/\/neobaroque.now.2025.uwr.edu.pl\/\",\"logo\":{\"@type\":\"ImageObject\",\"inLanguage\":\"es\",\"@id\":\"https:\/\/neobaroque.now.2025.uwr.edu.pl\/#\/schema\/logo\/image\/\",\"url\":\"https:\/\/neobaroque.now.2025.uwr.edu.pl\/wp-content\/uploads\/sites\/579\/2025\/10\/UWr-logotyp-2025.png\",\"contentUrl\":\"https:\/\/neobaroque.now.2025.uwr.edu.pl\/wp-content\/uploads\/sites\/579\/2025\/10\/UWr-logotyp-2025.png\",\"width\":764,\"height\":269,\"caption\":\"Pracownia Bada\u0144 nad Neobarokiem\"},\"image\":{\"@id\":\"https:\/\/neobaroque.now.2025.uwr.edu.pl\/#\/schema\/logo\/image\/\"}}]}<\/script>\n<!-- \/ Yoast SEO plugin. -->","yoast_head_json":{"title":"Idea - Pracownia Bada\u0144 nad Neobarokiem","robots":{"index":"index","follow":"follow","max-snippet":"max-snippet:-1","max-image-preview":"max-image-preview:large","max-video-preview":"max-video-preview:-1"},"canonical":"https:\/\/neobaroque.now.2025.uwr.edu.pl\/es\/about-the-conference-2\/","og_locale":"es_ES","og_type":"article","og_title":"Idea - Pracownia Bada\u0144 nad Neobarokiem","og_description":"Congreso internacional Neobarroco y \/ en el mundo contempor\u00e1neo Universidad de Wroclaw, Polonia, 8-9 de mayo del 2025 Supuestamente asociado con el extra\u00f1o atractivo de las perlas que ten\u00edan formas irregulares, el t\u00e9rmino barroco sigue siendo esquivo y engendra sentimientos encontrados en los discursos de la cultura contempor\u00e1nea. El concepto del neobarroco no solo es [&hellip;]","og_url":"https:\/\/neobaroque.now.2025.uwr.edu.pl\/es\/about-the-conference-2\/","og_site_name":"Pracownia Bada\u0144 nad Neobarokiem","article_modified_time":"2024-07-20T21:01:09+00:00","og_image":[{"url":"https:\/\/neobaroque.now.2025.uwr.edu.pl\/wp-content\/uploads\/sites\/579\/2024\/07\/2a-conference.png","type":"","width":"","height":""}],"twitter_card":"summary_large_image","twitter_misc":{"Tiempo de lectura":"3 minutos"},"schema":{"@context":"https:\/\/schema.org","@graph":[{"@type":"WebPage","@id":"https:\/\/neobaroque.now.2025.uwr.edu.pl\/es\/about-the-conference-2\/","url":"https:\/\/neobaroque.now.2025.uwr.edu.pl\/es\/about-the-conference-2\/","name":"Idea - Pracownia Bada\u0144 nad Neobarokiem","isPartOf":{"@id":"https:\/\/neobaroque.now.2025.uwr.edu.pl\/#website"},"primaryImageOfPage":{"@id":"https:\/\/neobaroque.now.2025.uwr.edu.pl\/es\/about-the-conference-2\/#primaryimage"},"image":{"@id":"https:\/\/neobaroque.now.2025.uwr.edu.pl\/es\/about-the-conference-2\/#primaryimage"},"thumbnailUrl":"https:\/\/neobaroque.now.2025.uwr.edu.pl\/wp-content\/uploads\/sites\/579\/2024\/07\/2a-conference.png","datePublished":"2024-07-19T10:03:16+00:00","dateModified":"2024-07-20T21:01:09+00:00","breadcrumb":{"@id":"https:\/\/neobaroque.now.2025.uwr.edu.pl\/es\/about-the-conference-2\/#breadcrumb"},"inLanguage":"es","potentialAction":[{"@type":"ReadAction","target":["https:\/\/neobaroque.now.2025.uwr.edu.pl\/es\/about-the-conference-2\/"]}]},{"@type":"ImageObject","inLanguage":"es","@id":"https:\/\/neobaroque.now.2025.uwr.edu.pl\/es\/about-the-conference-2\/#primaryimage","url":"https:\/\/neobaroque.now.2025.uwr.edu.pl\/wp-content\/uploads\/sites\/579\/2024\/07\/2a-conference.png","contentUrl":"https:\/\/neobaroque.now.2025.uwr.edu.pl\/wp-content\/uploads\/sites\/579\/2024\/07\/2a-conference.png"},{"@type":"BreadcrumbList","@id":"https:\/\/neobaroque.now.2025.uwr.edu.pl\/es\/about-the-conference-2\/#breadcrumb","itemListElement":[{"@type":"ListItem","position":1,"name":"Strona g\u0142\u00f3wna","item":"https:\/\/neobaroque.now.2025.uwr.edu.pl\/es\/"},{"@type":"ListItem","position":2,"name":"Idea"}]},{"@type":"WebSite","@id":"https:\/\/neobaroque.now.2025.uwr.edu.pl\/#website","url":"https:\/\/neobaroque.now.2025.uwr.edu.pl\/","name":"Pracownia Bada\u0144 nad Neobarokiem","description":"Kolejna witryna sieci \u201eUWR Witryny\u201d","publisher":{"@id":"https:\/\/neobaroque.now.2025.uwr.edu.pl\/#organization"},"potentialAction":[{"@type":"SearchAction","target":{"@type":"EntryPoint","urlTemplate":"https:\/\/neobaroque.now.2025.uwr.edu.pl\/?s={search_term_string}"},"query-input":{"@type":"PropertyValueSpecification","valueRequired":true,"valueName":"search_term_string"}}],"inLanguage":"es"},{"@type":"Organization","@id":"https:\/\/neobaroque.now.2025.uwr.edu.pl\/#organization","name":"Pracownia Bada\u0144 nad Neobarokiem","url":"https:\/\/neobaroque.now.2025.uwr.edu.pl\/","logo":{"@type":"ImageObject","inLanguage":"es","@id":"https:\/\/neobaroque.now.2025.uwr.edu.pl\/#\/schema\/logo\/image\/","url":"https:\/\/neobaroque.now.2025.uwr.edu.pl\/wp-content\/uploads\/sites\/579\/2025\/10\/UWr-logotyp-2025.png","contentUrl":"https:\/\/neobaroque.now.2025.uwr.edu.pl\/wp-content\/uploads\/sites\/579\/2025\/10\/UWr-logotyp-2025.png","width":764,"height":269,"caption":"Pracownia Bada\u0144 nad Neobarokiem"},"image":{"@id":"https:\/\/neobaroque.now.2025.uwr.edu.pl\/#\/schema\/logo\/image\/"}}]}},"publishpress_future_action":{"enabled":false,"date":"2026-05-21 23:09:04","action":"change-status","newStatus":"draft","terms":[],"taxonomy":"category","extraData":[]},"publishpress_future_workflow_manual_trigger":{"enabledWorkflows":[]},"_links":{"self":[{"href":"https:\/\/neobaroque.now.2025.uwr.edu.pl\/es\/wp-json\/wp\/v2\/pages\/24329\/"}],"collection":[{"href":"https:\/\/neobaroque.now.2025.uwr.edu.pl\/es\/wp-json\/wp\/v2\/pages\/"}],"about":[{"href":"https:\/\/neobaroque.now.2025.uwr.edu.pl\/es\/wp-json\/wp\/v2\/types\/page\/"}],"author":[{"embeddable":true,"href":"https:\/\/neobaroque.now.2025.uwr.edu.pl\/es\/wp-json\/wp\/v2\/users\/37\/"}],"replies":[{"embeddable":true,"href":"https:\/\/neobaroque.now.2025.uwr.edu.pl\/es\/wp-json\/wp\/v2\/comments\/?post=24329"}],"version-history":[{"count":8,"href":"https:\/\/neobaroque.now.2025.uwr.edu.pl\/es\/wp-json\/wp\/v2\/pages\/24329\/revisions\/"}],"predecessor-version":[{"id":25640,"href":"https:\/\/neobaroque.now.2025.uwr.edu.pl\/es\/wp-json\/wp\/v2\/pages\/24329\/revisions\/25640\/"}],"wp:attachment":[{"href":"https:\/\/neobaroque.now.2025.uwr.edu.pl\/es\/wp-json\/wp\/v2\/media\/?parent=24329"}],"wp:term":[{"taxonomy":"category","embeddable":true,"href":"https:\/\/neobaroque.now.2025.uwr.edu.pl\/es\/wp-json\/wp\/v2\/categories\/?post=24329"},{"taxonomy":"post_tag","embeddable":true,"href":"https:\/\/neobaroque.now.2025.uwr.edu.pl\/es\/wp-json\/wp\/v2\/tags\/?post=24329"}],"curies":[{"name":"wp","href":"https:\/\/api.w.org\/{rel}","templated":true}]}}