{"id":24323,"date":"2024-07-19T12:08:19","date_gmt":"2024-07-19T10:08:19","guid":{"rendered":"https:\/\/neobaroque.now.2025.uwr.edu.pl\/registration\/"},"modified":"2024-12-23T01:27:45","modified_gmt":"2024-12-23T00:27:45","slug":"registration","status":"publish","type":"page","link":"https:\/\/neobaroque.now.2025.uwr.edu.pl\/es\/registration\/","title":{"rendered":"Plazos"},"content":{"rendered":"\n<div class=\"wp-block-ugb-container ugb-container blok_nowa_podstrona ugb-8dda971 ugb-container--v2 ugb-container--design-plain ugb-main-block\"><div class=\"ugb-inner-block\"><div class=\"ugb-block-content\"><div class=\"ugb-container__wrapper ugb-8dda971-wrapper\"><div class=\"ugb-container__side\"><div class=\"ugb-container__content-wrapper ugb-8dda971-content-wrapper\">\n<div class=\"wp-block-columns bs-news-page is-layout-flex wp-block-columns-is-layout-flex\">\n<div class=\"wp-block-column bs-kontakt-photo is-layout-flow wp-block-column-is-layout-flow\">\n<figure class=\"wp-block-image size-full is-resized\"><img loading=\"lazy\" decoding=\"async\" width=\"612\" height=\"408\" src=\"https:\/\/neobaroque.now.2025.uwr.edu.pl\/wp-content\/uploads\/sites\/579\/2024\/07\/istockphoto-886661830-612x612-1.jpg\" alt=\"time\" class=\"wp-image-25118\" style=\"width:501px;height:auto\" srcset=\"https:\/\/neobaroque.now.2025.uwr.edu.pl\/wp-content\/uploads\/sites\/579\/2024\/07\/istockphoto-886661830-612x612-1.jpg 612w, https:\/\/neobaroque.now.2025.uwr.edu.pl\/wp-content\/uploads\/sites\/579\/2024\/07\/istockphoto-886661830-612x612-1-300x200.jpg 300w, https:\/\/neobaroque.now.2025.uwr.edu.pl\/wp-content\/uploads\/sites\/579\/2024\/07\/istockphoto-886661830-612x612-1-24x16.jpg 24w, https:\/\/neobaroque.now.2025.uwr.edu.pl\/wp-content\/uploads\/sites\/579\/2024\/07\/istockphoto-886661830-612x612-1-36x24.jpg 36w, https:\/\/neobaroque.now.2025.uwr.edu.pl\/wp-content\/uploads\/sites\/579\/2024\/07\/istockphoto-886661830-612x612-1-48x32.jpg 48w\" sizes=\"auto, (max-width: 612px) 100vw, 612px\" \/><\/figure>\n<\/div>\n\n\n\n<div class=\"wp-block-column bs-contact-right-column is-layout-flow wp-block-column-is-layout-flow\">\n<div class=\"wp-block-bonasoft-modular-breadcrumbs-block\"><div class=\"bs_add_breadcrumb_trail\"><\/div><\/div>\n\n\n\n<hr class=\"wp-block-separator has-text-color has-black-color has-css-opacity has-black-background-color has-background is-style-wide bs-border-kontakt\"\/>\n\n\n<h1 style=\"font-style:normal;font-weight:700;\" class=\"bs-naglowek-podstrony wp-block-post-title\">Plazos<\/h1><\/div>\n<\/div>\n\n\n\n<div class=\"wp-block-ugb-container ugb-container bs-news-page-under ugb-f8694ce ugb-container--v2 ugb-container--design-plain ugb-main-block\"><div class=\"ugb-inner-block\"><div class=\"ugb-block-content\"><div class=\"ugb-container__wrapper ugb-f8694ce-wrapper\"><div class=\"ugb-container__side\"><div class=\"ugb-container__content-wrapper ugb-f8694ce-content-wrapper\">\n<p><strong>Propuestas<\/strong>, de una extensi\u00f3n aproximada de 300 palabras, se enviar\u00e1n, junto con una breve nota biogr\u00e1fica, a la direcci\u00f3n <strong>neobaroque.now.2025@gmail.com <\/strong>hasta el d\u00eda <strong><strong><strong>20 de enero del 2025<\/strong><\/strong><\/strong>.<\/p>\n\n\n\n<p>Las decisiones se comunicar\u00e1n hasta el d\u00eda <strong>30 de enero del 2025<\/strong> por correo electr\u00f3nico. Las presentaciones no deber\u00edan exceder <strong>20 minutos<\/strong>. Tras cada presentaci\u00f3n se ha previsto un espacio de 10 minutos para discusi\u00f3n.<\/p>\n\n\n\n<p><strong>Las propuestas<\/strong> <strong>aceptadas<\/strong> deber\u00edan completarse y enviarse antes de que empezara el congreso, es decir, hasta el d\u00eda <strong>30 de abril del 2025<\/strong>, ya que planeamos circularlas entre los participantes para que puedan consultarlas antes de las sesiones. Las normas para la presentaci\u00f3n de originales, as\u00ed como el plazo para la entrega de las versiones revisadas y finales de art\u00edculos para su publicaci\u00f3n se anunciar\u00e1n despu\u00e9s de notificar a los autores sobre la aceptaci\u00f3n de sus propuestas.<\/p>\n\n\n\n<p><\/p>\n<\/div><\/div><\/div><\/div><\/div><\/div>\n<\/div><\/div><\/div><\/div><\/div><\/div>\n","protected":false},"excerpt":{"rendered":"<p>Propuestas, de una extensi\u00f3n aproximada de 300 palabras, se enviar\u00e1n, junto con una breve nota biogr\u00e1fica, a la direcci\u00f3n neobaroque.now.2025@gmail.com hasta el d\u00eda 20 de enero del 2025. Las decisiones se comunicar\u00e1n hasta el d\u00eda 30 de enero del 2025 por correo electr\u00f3nico. Las presentaciones no deber\u00edan exceder 20 minutos. Tras cada presentaci\u00f3n se ha [&hellip;]<\/p>\n","protected":false},"author":37,"featured_media":0,"parent":0,"menu_order":0,"comment_status":"closed","ping_status":"closed","template":"","meta":{"_acf_changed":false,"inline_featured_image":false,"site-sidebar-layout":"default","site-content-layout":"","ast-site-content-layout":"default","site-content-style":"default","site-sidebar-style":"default","ast-global-header-display":"","ast-banner-title-visibility":"","ast-main-header-display":"","ast-hfb-above-header-display":"","ast-hfb-below-header-display":"","ast-hfb-mobile-header-display":"","site-post-title":"","ast-breadcrumbs-content":"","ast-featured-img":"","footer-sml-layout":"","ast-disable-related-posts":"","theme-transparent-header-meta":"","adv-header-id-meta":"","stick-header-meta":"","header-above-stick-meta":"","header-main-stick-meta":"","header-below-stick-meta":"","astra-migrate-meta-layouts":"set","ast-page-background-enabled":"default","ast-page-background-meta":{"desktop":{"background-color":"","background-image":"","background-repeat":"repeat","background-position":"center center","background-size":"auto","background-attachment":"scroll","background-type":"","background-media":"","overlay-type":"","overlay-color":"","overlay-opacity":"","overlay-gradient":""},"tablet":{"background-color":"","background-image":"","background-repeat":"repeat","background-position":"center center","background-size":"auto","background-attachment":"scroll","background-type":"","background-media":"","overlay-type":"","overlay-color":"","overlay-opacity":"","overlay-gradient":""},"mobile":{"background-color":"","background-image":"","background-repeat":"repeat","background-position":"center center","background-size":"auto","background-attachment":"scroll","background-type":"","background-media":"","overlay-type":"","overlay-color":"","overlay-opacity":"","overlay-gradient":""}},"ast-content-background-meta":{"desktop":{"background-color":"var(--ast-global-color-5)","background-image":"","background-repeat":"repeat","background-position":"center center","background-size":"auto","background-attachment":"scroll","background-type":"","background-media":"","overlay-type":"","overlay-color":"","overlay-opacity":"","overlay-gradient":""},"tablet":{"background-color":"var(--ast-global-color-5)","background-image":"","background-repeat":"repeat","background-position":"center center","background-size":"auto","background-attachment":"scroll","background-type":"","background-media":"","overlay-type":"","overlay-color":"","overlay-opacity":"","overlay-gradient":""},"mobile":{"background-color":"var(--ast-global-color-5)","background-image":"","background-repeat":"repeat","background-position":"center center","background-size":"auto","background-attachment":"scroll","background-type":"","background-media":"","overlay-type":"","overlay-color":"","overlay-opacity":"","overlay-gradient":""}},"footnotes":""},"categories":[],"tags":[],"class_list":["post-24323","page","type-page","status-publish","hentry"],"featured_image_urls_v2":{"full":"","thumbnail":"","medium":"","medium_large":"","large":"","1536x1536":"","2048x2048":"","menu-24x24":"","menu-36x36":"","menu-48x48":""},"post_excerpt_stackable_v2":"<p>Plazos Propuestas, de una extensi\u00f3n aproximada de 300 palabras, se enviar\u00e1n, junto con una breve nota biogr\u00e1fica, a la direcci\u00f3n neobaroque.now.2025@gmail.com hasta el d\u00eda 20 de enero del 2025. Las decisiones se comunicar\u00e1n hasta el d\u00eda 30 de enero del 2025 por correo electr\u00f3nico. Las presentaciones no deber\u00edan exceder 20 minutos. Tras cada presentaci\u00f3n se ha previsto un espacio de 10 minutos para discusi\u00f3n. Las propuestas aceptadas deber\u00edan completarse y enviarse antes de que empezara el congreso, es decir, hasta el d\u00eda 30 de abril del 2025, ya que planeamos circularlas entre los participantes para que puedan consultarlas antes de&hellip;<\/p>\n","category_list_v2":"Sin categor\u00eda","author_info_v2":{"name":"Izabela Jaraszek","url":"https:\/\/neobaroque.now.2025.uwr.edu.pl\/es\/author\/ijaraszek\/"},"comments_num_v2":"0 comentarios","acf":[],"yoast_head":"<!-- This site is optimized with the Yoast SEO plugin v27.1.1 - https:\/\/yoast.com\/product\/yoast-seo-wordpress\/ -->\n<title>Plazos - Pracownia Bada\u0144 nad Neobarokiem<\/title>\n<meta name=\"robots\" content=\"index, follow, max-snippet:-1, max-image-preview:large, max-video-preview:-1\" \/>\n<link rel=\"canonical\" href=\"https:\/\/neobaroque.now.2025.uwr.edu.pl\/es\/registration\/\" \/>\n<meta property=\"og:locale\" content=\"es_ES\" \/>\n<meta property=\"og:type\" content=\"article\" \/>\n<meta property=\"og:title\" content=\"Plazos - Pracownia Bada\u0144 nad Neobarokiem\" \/>\n<meta property=\"og:description\" content=\"Propuestas, de una extensi\u00f3n aproximada de 300 palabras, se enviar\u00e1n, junto con una breve nota biogr\u00e1fica, a la direcci\u00f3n neobaroque.now.2025@gmail.com hasta el d\u00eda 20 de enero del 2025. Las decisiones se comunicar\u00e1n hasta el d\u00eda 30 de enero del 2025 por correo electr\u00f3nico. Las presentaciones no deber\u00edan exceder 20 minutos. Tras cada presentaci\u00f3n se ha [&hellip;]\" \/>\n<meta property=\"og:url\" content=\"https:\/\/neobaroque.now.2025.uwr.edu.pl\/es\/registration\/\" \/>\n<meta property=\"og:site_name\" content=\"Pracownia Bada\u0144 nad Neobarokiem\" \/>\n<meta property=\"article:modified_time\" content=\"2024-12-23T00:27:45+00:00\" \/>\n<meta property=\"og:image\" content=\"https:\/\/neobaroque.now.2025.uwr.edu.pl\/wp-content\/uploads\/sites\/579\/2024\/07\/istockphoto-886661830-612x612-1.jpg\" \/>\n\t<meta property=\"og:image:width\" content=\"612\" \/>\n\t<meta property=\"og:image:height\" content=\"408\" \/>\n\t<meta property=\"og:image:type\" content=\"image\/jpeg\" \/>\n<meta name=\"twitter:card\" content=\"summary_large_image\" \/>\n<meta name=\"twitter:label1\" content=\"Tiempo de lectura\" \/>\n\t<meta name=\"twitter:data1\" content=\"1 minuto\" \/>\n<script type=\"application\/ld+json\" class=\"yoast-schema-graph\">{\"@context\":\"https:\/\/schema.org\",\"@graph\":[{\"@type\":\"WebPage\",\"@id\":\"https:\/\/neobaroque.now.2025.uwr.edu.pl\/es\/registration\/\",\"url\":\"https:\/\/neobaroque.now.2025.uwr.edu.pl\/es\/registration\/\",\"name\":\"Plazos - Pracownia Bada\u0144 nad Neobarokiem\",\"isPartOf\":{\"@id\":\"https:\/\/neobaroque.now.2025.uwr.edu.pl\/#website\"},\"primaryImageOfPage\":{\"@id\":\"https:\/\/neobaroque.now.2025.uwr.edu.pl\/es\/registration\/#primaryimage\"},\"image\":{\"@id\":\"https:\/\/neobaroque.now.2025.uwr.edu.pl\/es\/registration\/#primaryimage\"},\"thumbnailUrl\":\"https:\/\/neobaroque.now.2025.uwr.edu.pl\/wp-content\/uploads\/sites\/579\/2024\/07\/istockphoto-886661830-612x612-1.jpg\",\"datePublished\":\"2024-07-19T10:08:19+00:00\",\"dateModified\":\"2024-12-23T00:27:45+00:00\",\"breadcrumb\":{\"@id\":\"https:\/\/neobaroque.now.2025.uwr.edu.pl\/es\/registration\/#breadcrumb\"},\"inLanguage\":\"es\",\"potentialAction\":[{\"@type\":\"ReadAction\",\"target\":[\"https:\/\/neobaroque.now.2025.uwr.edu.pl\/es\/registration\/\"]}]},{\"@type\":\"ImageObject\",\"inLanguage\":\"es\",\"@id\":\"https:\/\/neobaroque.now.2025.uwr.edu.pl\/es\/registration\/#primaryimage\",\"url\":\"https:\/\/neobaroque.now.2025.uwr.edu.pl\/wp-content\/uploads\/sites\/579\/2024\/07\/istockphoto-886661830-612x612-1.jpg\",\"contentUrl\":\"https:\/\/neobaroque.now.2025.uwr.edu.pl\/wp-content\/uploads\/sites\/579\/2024\/07\/istockphoto-886661830-612x612-1.jpg\"},{\"@type\":\"BreadcrumbList\",\"@id\":\"https:\/\/neobaroque.now.2025.uwr.edu.pl\/es\/registration\/#breadcrumb\",\"itemListElement\":[{\"@type\":\"ListItem\",\"position\":1,\"name\":\"Strona g\u0142\u00f3wna\",\"item\":\"https:\/\/neobaroque.now.2025.uwr.edu.pl\/es\/\"},{\"@type\":\"ListItem\",\"position\":2,\"name\":\"Plazos\"}]},{\"@type\":\"WebSite\",\"@id\":\"https:\/\/neobaroque.now.2025.uwr.edu.pl\/#website\",\"url\":\"https:\/\/neobaroque.now.2025.uwr.edu.pl\/\",\"name\":\"Pracownia Bada\u0144 nad Neobarokiem\",\"description\":\"Kolejna witryna sieci \u201eUWR Witryny\u201d\",\"publisher\":{\"@id\":\"https:\/\/neobaroque.now.2025.uwr.edu.pl\/#organization\"},\"potentialAction\":[{\"@type\":\"SearchAction\",\"target\":{\"@type\":\"EntryPoint\",\"urlTemplate\":\"https:\/\/neobaroque.now.2025.uwr.edu.pl\/?s={search_term_string}\"},\"query-input\":{\"@type\":\"PropertyValueSpecification\",\"valueRequired\":true,\"valueName\":\"search_term_string\"}}],\"inLanguage\":\"es\"},{\"@type\":\"Organization\",\"@id\":\"https:\/\/neobaroque.now.2025.uwr.edu.pl\/#organization\",\"name\":\"Pracownia Bada\u0144 nad Neobarokiem\",\"url\":\"https:\/\/neobaroque.now.2025.uwr.edu.pl\/\",\"logo\":{\"@type\":\"ImageObject\",\"inLanguage\":\"es\",\"@id\":\"https:\/\/neobaroque.now.2025.uwr.edu.pl\/#\/schema\/logo\/image\/\",\"url\":\"https:\/\/neobaroque.now.2025.uwr.edu.pl\/wp-content\/uploads\/sites\/579\/2025\/10\/UWr-logotyp-2025.png\",\"contentUrl\":\"https:\/\/neobaroque.now.2025.uwr.edu.pl\/wp-content\/uploads\/sites\/579\/2025\/10\/UWr-logotyp-2025.png\",\"width\":764,\"height\":269,\"caption\":\"Pracownia Bada\u0144 nad Neobarokiem\"},\"image\":{\"@id\":\"https:\/\/neobaroque.now.2025.uwr.edu.pl\/#\/schema\/logo\/image\/\"}}]}<\/script>\n<!-- \/ Yoast SEO plugin. -->","yoast_head_json":{"title":"Plazos - Pracownia Bada\u0144 nad Neobarokiem","robots":{"index":"index","follow":"follow","max-snippet":"max-snippet:-1","max-image-preview":"max-image-preview:large","max-video-preview":"max-video-preview:-1"},"canonical":"https:\/\/neobaroque.now.2025.uwr.edu.pl\/es\/registration\/","og_locale":"es_ES","og_type":"article","og_title":"Plazos - Pracownia Bada\u0144 nad Neobarokiem","og_description":"Propuestas, de una extensi\u00f3n aproximada de 300 palabras, se enviar\u00e1n, junto con una breve nota biogr\u00e1fica, a la direcci\u00f3n neobaroque.now.2025@gmail.com hasta el d\u00eda 20 de enero del 2025. Las decisiones se comunicar\u00e1n hasta el d\u00eda 30 de enero del 2025 por correo electr\u00f3nico. Las presentaciones no deber\u00edan exceder 20 minutos. Tras cada presentaci\u00f3n se ha [&hellip;]","og_url":"https:\/\/neobaroque.now.2025.uwr.edu.pl\/es\/registration\/","og_site_name":"Pracownia Bada\u0144 nad Neobarokiem","article_modified_time":"2024-12-23T00:27:45+00:00","og_image":[{"width":612,"height":408,"url":"https:\/\/neobaroque.now.2025.uwr.edu.pl\/wp-content\/uploads\/sites\/579\/2024\/07\/istockphoto-886661830-612x612-1.jpg","type":"image\/jpeg"}],"twitter_card":"summary_large_image","twitter_misc":{"Tiempo de lectura":"1 minuto"},"schema":{"@context":"https:\/\/schema.org","@graph":[{"@type":"WebPage","@id":"https:\/\/neobaroque.now.2025.uwr.edu.pl\/es\/registration\/","url":"https:\/\/neobaroque.now.2025.uwr.edu.pl\/es\/registration\/","name":"Plazos - Pracownia Bada\u0144 nad Neobarokiem","isPartOf":{"@id":"https:\/\/neobaroque.now.2025.uwr.edu.pl\/#website"},"primaryImageOfPage":{"@id":"https:\/\/neobaroque.now.2025.uwr.edu.pl\/es\/registration\/#primaryimage"},"image":{"@id":"https:\/\/neobaroque.now.2025.uwr.edu.pl\/es\/registration\/#primaryimage"},"thumbnailUrl":"https:\/\/neobaroque.now.2025.uwr.edu.pl\/wp-content\/uploads\/sites\/579\/2024\/07\/istockphoto-886661830-612x612-1.jpg","datePublished":"2024-07-19T10:08:19+00:00","dateModified":"2024-12-23T00:27:45+00:00","breadcrumb":{"@id":"https:\/\/neobaroque.now.2025.uwr.edu.pl\/es\/registration\/#breadcrumb"},"inLanguage":"es","potentialAction":[{"@type":"ReadAction","target":["https:\/\/neobaroque.now.2025.uwr.edu.pl\/es\/registration\/"]}]},{"@type":"ImageObject","inLanguage":"es","@id":"https:\/\/neobaroque.now.2025.uwr.edu.pl\/es\/registration\/#primaryimage","url":"https:\/\/neobaroque.now.2025.uwr.edu.pl\/wp-content\/uploads\/sites\/579\/2024\/07\/istockphoto-886661830-612x612-1.jpg","contentUrl":"https:\/\/neobaroque.now.2025.uwr.edu.pl\/wp-content\/uploads\/sites\/579\/2024\/07\/istockphoto-886661830-612x612-1.jpg"},{"@type":"BreadcrumbList","@id":"https:\/\/neobaroque.now.2025.uwr.edu.pl\/es\/registration\/#breadcrumb","itemListElement":[{"@type":"ListItem","position":1,"name":"Strona g\u0142\u00f3wna","item":"https:\/\/neobaroque.now.2025.uwr.edu.pl\/es\/"},{"@type":"ListItem","position":2,"name":"Plazos"}]},{"@type":"WebSite","@id":"https:\/\/neobaroque.now.2025.uwr.edu.pl\/#website","url":"https:\/\/neobaroque.now.2025.uwr.edu.pl\/","name":"Pracownia Bada\u0144 nad Neobarokiem","description":"Kolejna witryna sieci \u201eUWR Witryny\u201d","publisher":{"@id":"https:\/\/neobaroque.now.2025.uwr.edu.pl\/#organization"},"potentialAction":[{"@type":"SearchAction","target":{"@type":"EntryPoint","urlTemplate":"https:\/\/neobaroque.now.2025.uwr.edu.pl\/?s={search_term_string}"},"query-input":{"@type":"PropertyValueSpecification","valueRequired":true,"valueName":"search_term_string"}}],"inLanguage":"es"},{"@type":"Organization","@id":"https:\/\/neobaroque.now.2025.uwr.edu.pl\/#organization","name":"Pracownia Bada\u0144 nad Neobarokiem","url":"https:\/\/neobaroque.now.2025.uwr.edu.pl\/","logo":{"@type":"ImageObject","inLanguage":"es","@id":"https:\/\/neobaroque.now.2025.uwr.edu.pl\/#\/schema\/logo\/image\/","url":"https:\/\/neobaroque.now.2025.uwr.edu.pl\/wp-content\/uploads\/sites\/579\/2025\/10\/UWr-logotyp-2025.png","contentUrl":"https:\/\/neobaroque.now.2025.uwr.edu.pl\/wp-content\/uploads\/sites\/579\/2025\/10\/UWr-logotyp-2025.png","width":764,"height":269,"caption":"Pracownia Bada\u0144 nad Neobarokiem"},"image":{"@id":"https:\/\/neobaroque.now.2025.uwr.edu.pl\/#\/schema\/logo\/image\/"}}]}},"publishpress_future_action":{"enabled":false,"date":"2026-05-22 00:30:31","action":"change-status","newStatus":"draft","terms":[],"taxonomy":"category","extraData":[]},"publishpress_future_workflow_manual_trigger":{"enabledWorkflows":[]},"_links":{"self":[{"href":"https:\/\/neobaroque.now.2025.uwr.edu.pl\/es\/wp-json\/wp\/v2\/pages\/24323\/"}],"collection":[{"href":"https:\/\/neobaroque.now.2025.uwr.edu.pl\/es\/wp-json\/wp\/v2\/pages\/"}],"about":[{"href":"https:\/\/neobaroque.now.2025.uwr.edu.pl\/es\/wp-json\/wp\/v2\/types\/page\/"}],"author":[{"embeddable":true,"href":"https:\/\/neobaroque.now.2025.uwr.edu.pl\/es\/wp-json\/wp\/v2\/users\/37\/"}],"replies":[{"embeddable":true,"href":"https:\/\/neobaroque.now.2025.uwr.edu.pl\/es\/wp-json\/wp\/v2\/comments\/?post=24323"}],"version-history":[{"count":5,"href":"https:\/\/neobaroque.now.2025.uwr.edu.pl\/es\/wp-json\/wp\/v2\/pages\/24323\/revisions\/"}],"predecessor-version":[{"id":25832,"href":"https:\/\/neobaroque.now.2025.uwr.edu.pl\/es\/wp-json\/wp\/v2\/pages\/24323\/revisions\/25832\/"}],"wp:attachment":[{"href":"https:\/\/neobaroque.now.2025.uwr.edu.pl\/es\/wp-json\/wp\/v2\/media\/?parent=24323"}],"wp:term":[{"taxonomy":"category","embeddable":true,"href":"https:\/\/neobaroque.now.2025.uwr.edu.pl\/es\/wp-json\/wp\/v2\/categories\/?post=24323"},{"taxonomy":"post_tag","embeddable":true,"href":"https:\/\/neobaroque.now.2025.uwr.edu.pl\/es\/wp-json\/wp\/v2\/tags\/?post=24323"}],"curies":[{"name":"wp","href":"https:\/\/api.w.org\/{rel}","templated":true}]}}